{"id":9,"date":"2026-01-30T05:02:33","date_gmt":"2026-01-30T05:02:33","guid":{"rendered":"https:\/\/cryptodailyhub.net\/?page_id=9"},"modified":"2026-01-30T05:03:03","modified_gmt":"2026-01-30T05:03:03","slug":"trang-chu","status":"publish","type":"page","link":"https:\/\/cryptodailyhub.net\/index.php\/trang-chu\/","title":{"rendered":"Trang ch\u1ee7"},"content":{"rendered":"\n<!-- Trang ch\u1ee7 cryptodailyhub.net -->\n<div class=\"cryptodailyhub-home\">\n  <nav class=\"navbar\">\n    <div class=\"logo\">CryptoDailyHub<span>.net<\/span><\/div>\n    <ul class=\"nav-links\">\n      <li><a href=\"#\">Tin t\u1ee9c<\/a><\/li>\n      <li><a href=\"#\">Ph\u00e2n t\u00edch<\/a><\/li>\n      <li><a href=\"#\">C\u1ed9ng \u0111\u1ed3ng<\/a><\/li>\n    <\/ul>\n  <\/nav>\n  <section class=\"hero\">\n    <h1>C\u1eadp nh\u1eadt tin t\u1ee9c Crypto m\u1ed7i ng\u00e0y<\/h1>\n    <p>N\u01a1i t\u1ed5ng h\u1ee3p th\u00f4ng tin, ph\u00e2n t\u00edch v\u00e0 xu h\u01b0\u1edbng th\u1ecb tr\u01b0\u1eddng ti\u1ec1n m\u00e3 h\u00f3a nhanh ch\u00f3ng, ch\u00ednh x\u00e1c.<\/p>\n    <a href=\"#\" class=\"cta-btn\">Xem tin m\u1edbi nh\u1ea5t<\/a>\n  <\/section>\n  <section class=\"features\">\n    <div class=\"feature\">\n      <h2>Tin t\u1ee9c n\u00f3ng h\u1ed5i<\/h2>\n      <p>C\u1eadp nh\u1eadt li\u00ean t\u1ee5c c\u00e1c s\u1ef1 ki\u1ec7n, bi\u1ebfn \u0111\u1ed9ng v\u00e0 tin t\u1ee9c n\u1ed5i b\u1eadt trong th\u1ebf gi\u1edbi Crypto.<\/p>\n    <\/div>\n    <div class=\"feature\">\n      <h2>Ph\u00e2n t\u00edch chuy\u00ean s\u00e2u<\/h2>\n      <p>B\u00e0i vi\u1ebft ph\u00e2n t\u00edch k\u1ef9 thu\u1eadt, nh\u1eadn \u0111\u1ecbnh xu h\u01b0\u1edbng t\u1eeb c\u00e1c chuy\u00ean gia h\u00e0ng \u0111\u1ea7u.<\/p>\n    <\/div>\n    <div class=\"feature\">\n      <h2>C\u1ed9ng \u0111\u1ed3ng s\u00f4i \u0111\u1ed9ng<\/h2>\n      <p>Th\u1ea3o lu\u1eadn, chia s\u1ebb kinh nghi\u1ec7m v\u00e0 k\u1ebft n\u1ed1i v\u1edbi nh\u1eefng ng\u01b0\u1eddi \u0111am m\u00ea ti\u1ec1n m\u00e3 h\u00f3a.<\/p>\n    <\/div>\n  <\/section>\n<\/div>\n<link rel=\"stylesheet\" href=\"style.css\">\n","protected":false},"excerpt":{"rendered":"<p>CryptoDailyHub.net Tin t\u1ee9c Ph\u00e2n t\u00edch C\u1ed9ng \u0111\u1ed3ng C\u1eadp nh\u1eadt tin t\u1ee9c Crypto m\u1ed7i ng\u00e0y N\u01a1i t\u1ed5ng h\u1ee3p th\u00f4ng tin, ph\u00e2n t\u00edch v\u00e0 xu h\u01b0\u1edbng th\u1ecb tr\u01b0\u1eddng ti\u1ec1n m\u00e3 h\u00f3a nhanh ch\u00f3ng, ch\u00ednh x\u00e1c. Xem tin m\u1edbi nh\u1ea5t Tin t\u1ee9c n\u00f3ng h\u1ed5i C\u1eadp nh\u1eadt li\u00ean t\u1ee5c c\u00e1c s\u1ef1 ki\u1ec7n, bi\u1ebfn \u0111\u1ed9ng v\u00e0 tin t\u1ee9c n\u1ed5i b\u1eadt [&#8230;]\n","protected":false},"author":1,"featured_media":0,"parent":0,"menu_order":0,"comment_status":"closed","ping_status":"closed","template":"","meta":{"footnotes":""},"class_list":["post-9","page","type-page","status-publish","hentry"],"_links":{"self":[{"href":"https:\/\/cryptodailyhub.net\/index.php\/wp-json\/wp\/v2\/pages\/9","targetHints":{"allow":["GET"]}}],"collection":[{"href":"https:\/\/cryptodailyhub.net\/index.php\/wp-json\/wp\/v2\/pages"}],"about":[{"href":"https:\/\/cryptodailyhub.net\/index.php\/wp-json\/wp\/v2\/types\/page"}],"author":[{"embeddable":true,"href":"https:\/\/cryptodailyhub.net\/index.php\/wp-json\/wp\/v2\/users\/1"}],"replies":[{"embeddable":true,"href":"https:\/\/cryptodailyhub.net\/index.php\/wp-json\/wp\/v2\/comments?post=9"}],"version-history":[{"count":2,"href":"https:\/\/cryptodailyhub.net\/index.php\/wp-json\/wp\/v2\/pages\/9\/revisions"}],"predecessor-version":[{"id":16,"href":"https:\/\/cryptodailyhub.net\/index.php\/wp-json\/wp\/v2\/pages\/9\/revisions\/16"}],"wp:attachment":[{"href":"https:\/\/cryptodailyhub.net\/index.php\/wp-json\/wp\/v2\/media?parent=9"}],"curies":[{"name":"wp","href":"https:\/\/api.w.org\/{rel}","templated":true}]}}